{"id":10855,"date":"2024-12-30T20:39:20","date_gmt":"2024-12-30T15:39:20","guid":{"rendered":"https:\/\/dhoadhibeach.com\/conditions-generales-dutilisation\/"},"modified":"2024-12-30T20:39:20","modified_gmt":"2024-12-30T15:39:20","slug":"conditions-generales-dutilisation","status":"publish","type":"page","link":"https:\/\/dhoadhibeach.com\/fr\/conditions-generales-dutilisation\/","title":{"rendered":"Conditions g\u00e9n\u00e9rales d&#8217;utilisation"},"content":{"rendered":"<p><strong>Taxes gouvernementales<\/strong><br \/>\nTous les tarifs sont indiqu\u00e9s en dollars am\u00e9ricains par chambre et par nuit.<br \/>\nTous les tarifs nets sont indiqu\u00e9s en dollars am\u00e9ricains par chambre et par nuit, petit-d\u00e9jeuner compris, et comprennent 10 % de frais de service, 16 % de TPS et la taxe verte par personne et par nuit.<br \/>\nNouvelles taxes impos\u00e9es, le cas \u00e9ch\u00e9ant<br \/>\nLes taxes et frais gouvernementaux sont susceptibles d&#8217;\u00eatre modifi\u00e9s.<br \/>\n10 % de frais de service plus 16 % de TPS seront factur\u00e9s sur tous les services suppl\u00e9mentaires qui ne sont pas d\u00e9j\u00e0 mentionn\u00e9s dans le pr\u00e9sent accord.<br \/>\n<strong>HEURE D&#8217;ENREGISTREMENT<\/strong><br \/>\nL&#8217;heure d&#8217;enregistrement standard est 14h00 et l&#8217;enregistrement anticip\u00e9 est possible sous r\u00e9serve de disponibilit\u00e9 sur<br \/>\n.<br \/>\n<strong>HEURE DE D\u00c9PART<\/strong><br \/>\nL&#8217;heure de d\u00e9part standard est 12h00. Des d\u00e9parts tardifs sont possibles sous r\u00e9serve de disponibilit\u00e9 (<br \/>\n).<br \/>\n<strong>Enregistrement anticip\u00e9<\/strong><br \/>\nEn cas d&#8217;enregistrement anticip\u00e9 avant 09h00, un suppl\u00e9ment de 100% du tarif de la chambre par nuit sera factur\u00e9.<br \/>\nEn cas d&#8217;enregistrement anticip\u00e9 entre 09h00 et 14h00, un suppl\u00e9ment de 50% du tarif de la chambre par nuit sera factur\u00e9 (en fonction des disponibilit\u00e9s).<br \/>\n<strong>D\u00e9part tardif<\/strong><br \/>\nEn cas de d\u00e9part tardif avant 18 heures, un suppl\u00e9ment de 50 % du tarif de la chambre par nuit sera factur\u00e9 (selon disponibilit\u00e9).<br \/>\nEn cas de d\u00e9part tardif apr\u00e8s 18 heures, un suppl\u00e9ment de 100 % du tarif de la chambre par nuit sera factur\u00e9 (selon disponibilit\u00e9).<\/p>\n<p><strong>Transfert de l&#8217;a\u00e9roport au bateau rapide :<\/strong><br \/>\n&#8211; \u00c0 l&#8217;arriv\u00e9e \u00e0 l&#8217;a\u00e9roport international Ibrahim Nasir, vous serez accueilli par notre repr\u00e9sentant \u00e0 l&#8217;a\u00e9roport qui vous escortera jusqu&#8217;au bateau rapide.<br \/>\n&#8211; Si un invit\u00e9 doit \u00eatre pris en charge \u00e0 Mal\u00e9, veuillez vous pr\u00e9senter \u00e0 l&#8217;embarcad\u00e8re n\u00b0 05 (embarcad\u00e8re en face de la Banque de Ceylan). (jet\u00e9e en face de la Bank of Ceylon)<br \/>\n&#8211; Il existe deux options de transfert en hors-bord, comme indiqu\u00e9 ci-dessous : o Transfert programm\u00e9 en hors-bord partag\u00e9 (prix factur\u00e9 par personne)<br \/>\no Location de hors-bord priv\u00e9 (prix factur\u00e9 pour l&#8217;ensemble du bateau)<br \/>\n&#8211; Apr\u00e8s confirmation du transfert de l&#8217;a\u00e9roport, notre h\u00f4tel enverra le hors-bord \u00e0 l&#8217;heure d&#8217;arriv\u00e9e des clients sur le site<br \/>\n.<br \/>\n<strong>Offres gratuites :<\/strong><br \/>\n&#8211; Pour chaque invit\u00e9 :<br \/>\no Caf\u00e9 et th\u00e9 dans la chambre<br \/>\no Dans la chambre 1 bouteille d&#8217;eau min\u00e9rale de 500ml<br \/>\nConditions suppl\u00e9mentaires<br \/>\n1. L&#8217;h\u00f4tel sera pr\u00e9sent\u00e9 comme un h\u00f4tel 3 \u00e9toiles dans toute brochure, programme, site Internet et\/ou prospectus promotionnel et une preuve doit \u00eatre envoy\u00e9e \u00e0 l&#8217;h\u00f4tel avant la publication finale sur<br \/>\n.<br \/>\n2. L&#8217;agent\/op\u00e9rateur touristique accepte la politique d&#8217;annulation telle qu&#8217;elle figure dans le pr\u00e9sent contrat et tous les tarifs et informations contractuelles figurant dans le pr\u00e9sent contrat sont strictement confidentiels (<br \/>\n).<br \/>\n3. Sauf accord contraire, un bon d&#8217;\u00e9change doit \u00eatre pr\u00e9sent\u00e9 lors de l&#8217;enregistrement.<br \/>\n4. L&#8217;h\u00f4tel se r\u00e9serve le droit d&#8217;effectuer des r\u00e9parations, des r\u00e9novations ou des programmes d&#8217;am\u00e9lioration ou d&#8217;entretien pr\u00e9ventif s&#8217;il le juge n\u00e9cessaire, afin de maintenir l&#8217;h\u00f4tel<br \/>\nen bon \u00e9tat. L&#8217;h\u00f4tel doit informer l&#8217;organisateur de voyages \u00e0 l&#8217;avance de tous travaux de r\u00e9novation prolong\u00e9s ou importants.<br \/>\n5. Si, pour une raison m\u00e9dicale, un h\u00f4te doit utiliser un hors-bord, les frais sont \u00e0 la charge de l&#8217;h\u00f4te.<br \/>\n6. Le pr\u00e9sent contrat est r\u00e9gi et interpr\u00e9t\u00e9 conform\u00e9ment aux lois de la R\u00e9publique des Maldives.<br \/>\n7. Le Contrat peut \u00eatre r\u00e9sili\u00e9 si l&#8217;un des \u00e9v\u00e9nements suivants se produit :<br \/>\n8. Si l&#8217;organisateur de voyages commet une infraction \u00e0 l&#8217;une des conditions du pr\u00e9sent contrat.<br \/>\n9. Si l&#8217;organisateur de voyages est d\u00e9clar\u00e9 en faillite \u00e0 la suite d&#8217;une liquidation.<br \/>\n10. En cas de changement dans la composition ou (dans le cas d&#8217;une soci\u00e9t\u00e9) dans la propri\u00e9t\u00e9 de l&#8217;organisateur de voyages.<\/p>\n","protected":false},"excerpt":{"rendered":"<p>Taxes gouvernementales Tous les tarifs sont indiqu\u00e9s en dollars am\u00e9ricains par chambre et par nuit. Tous les tarifs nets sont&#8230; <span class=\"knsl-el-more\"><a href=\"https:\/\/dhoadhibeach.com\/fr\/conditions-generales-dutilisation\/\" class=\"knsl-btn\">Read more<span class=\"screen-reader-text\">Read more&nbsp;Conditions g\u00e9n\u00e9rales d&#8217;utilisation<\/span><\/a><\/span><\/p>\n","protected":false},"author":1,"featured_media":0,"parent":0,"menu_order":0,"comment_status":"closed","ping_status":"closed","template":"","meta":{"_acf_changed":false,"_siteseo_robots_primary_cat":"","pagelayer_contact_templates":[],"_pagelayer_content":"","_monsterinsights_skip_tracking":false,"_monsterinsights_sitenote_active":false,"_monsterinsights_sitenote_note":"","_monsterinsights_sitenote_category":0,"_joinchat":[],"footnotes":""},"class_list":["post-10855","page","type-page","status-publish","hentry"],"acf":[],"aioseo_notices":[],"jetpack_sharing_enabled":true,"_links":{"self":[{"href":"https:\/\/dhoadhibeach.com\/fr\/wp-json\/wp\/v2\/pages\/10855","targetHints":{"allow":["GET"]}}],"collection":[{"href":"https:\/\/dhoadhibeach.com\/fr\/wp-json\/wp\/v2\/pages"}],"about":[{"href":"https:\/\/dhoadhibeach.com\/fr\/wp-json\/wp\/v2\/types\/page"}],"author":[{"embeddable":true,"href":"https:\/\/dhoadhibeach.com\/fr\/wp-json\/wp\/v2\/users\/1"}],"replies":[{"embeddable":true,"href":"https:\/\/dhoadhibeach.com\/fr\/wp-json\/wp\/v2\/comments?post=10855"}],"version-history":[{"count":0,"href":"https:\/\/dhoadhibeach.com\/fr\/wp-json\/wp\/v2\/pages\/10855\/revisions"}],"wp:attachment":[{"href":"https:\/\/dhoadhibeach.com\/fr\/wp-json\/wp\/v2\/media?parent=10855"}],"curies":[{"name":"wp","href":"https:\/\/api.w.org\/{rel}","templated":true}]}}